{"id":334,"date":"2017-02-06T14:58:32","date_gmt":"2017-02-06T13:58:32","guid":{"rendered":"http:\/\/www.irisonlus.org\/?page_id=334"},"modified":"2018-10-09T10:19:26","modified_gmt":"2018-10-09T09:19:26","slug":"privacy","status":"publish","type":"page","link":"http:\/\/www.irisonlus.org\/?page_id=334","title":{"rendered":"PRIVACY"},"content":{"rendered":"<h3><span style=\"color: #339966;\"><b>INFORMATIVA SUL TRATTAMENTO DEI DATI<\/b><\/span><\/h3>\n<p><span style=\"color: #339966;\"><b>PREMESSE <\/b><\/span><\/p>\n<p><span style=\"font-weight: 400;\">La presente informativa \u00e8 redatta ai sensi dell\u2019art. 13 del Regolamento UE 679\/2016 (di seguito, per brevit\u00e0 \u201cRegolamento UE\u201d) in materia di protezione delle persone fisiche relativamente al trattamento dei dati personali.<\/span><\/p>\n<p><span style=\"color: #339966;\"><b>PRIVACY POLICY<\/b><\/span><\/p>\n<p><span style=\"font-weight: 400;\">In questa pagina si descrivono le modalit\u00e0 di gestione del sito www.irisonlus.org in riferimento al trattamento dei dati personali degli utenti che lo consultano e a coloro che interagiscono con i servizi web dell\u2019Associazione Iris Onlus.<\/span><\/p>\n<p><span style=\"font-weight: 400;\">La presente informativa \u00e8 resa solo per il sito www.irisonlus.org e non anche per gli altri siti web eventualmente consultati dall\u2019utente tramite link.<\/span><\/p>\n<p><span style=\"font-weight: 400;\">L\u2019informativa si ispira anche alla Raccomandazione n. 2\/2001 che le autorit\u00e0 europee per la protezione dei dati personali, riunite nel Gruppo istituito dall\u2019art. 29 della direttiva n. 95\/46\/CE, hanno adottato il 17 maggio 2001 per individuare alcuni requisiti minimi per la raccolta dei dati personali on-line, e, in particolare, le modalit\u00e0, i tempi e la natura delle informazioni che i titolari del trattamento devono fornire agli utenti quando questi si collegano a pagine web, indipendentemente dagli scopi del collegamento.<\/span><\/p>\n<p><span style=\"font-weight: 400;\">A seguito della consultazione di questo sito possono essere trattati dati relativi a persone identificate o identificabili.<\/span><\/p>\n<p><span style=\"color: #339966;\"><b>DEFINIZIONI<\/b><\/span><\/p>\n<p><span style=\"font-weight: 400;\">Al fine di agevolare la comprensione della presente Informativa, si riportano le seguenti definizioni (art. 4 Regolamento UE):<\/span><\/p>\n<p><span style=\"font-weight: 400;\">&#8211; <\/span><b><i>\u201ctrattamento\u201d<\/i><\/b><span style=\"font-weight: 400;\">: qualsiasi operazione o insieme di operazioni, compiute con o senza l\u2019ausilio di processi automatizzati e applicate a dati personali o insiemi di dati personali come la raccolta, la registrazione, l\u2019organizzazione, la strutturazione, la conservazione, l\u2019adattamento o la modifica, l\u2019estrazione, la consultazione, l\u2019uso, la comunicazione mediante trasmissione, diffusione o qualsiasi altra forma di messa a disposizione, il raffronto o l\u2019interconnessione, la limitazione, la cancellazione o la distruzione;<\/span><\/p>\n<p><span style=\"font-weight: 400;\">&#8211; <\/span><b><i>\u201cdato personale\u201d<\/i><\/b><span style=\"font-weight: 400;\">: qualsiasi informazione riguardante una persona fisica identificata o identificabile (\u201cInteressato\u201d); si considera identificabile la persona fisica che pu\u00f2 essere identificata, direttamente o indirettamente, con particolare riferimento a un identificativo come il nome, un numero di identificazione, dati relativi all\u2019ubicazione, un identificativo online o a uno o pi\u00f9 elementi caratteristici della sua identit\u00e0 fisica, fisiologica, genetica, psichica, economica, culturale o sociale;<\/span><\/p>\n<p><span style=\"font-weight: 400;\">&#8211; <\/span><b><i>le cc.dd. categorie particolari di dati personali<\/i><\/b><span style=\"font-weight: 400;\">: i dati personali inerenti l\u2019origine razziale o etnica, le opinioni politiche, le convinzioni religiose o filosofiche, o l\u2019appartenenza sindacale, nonch\u00e9 dati genetici, dati biometrici intesi a identificare in modo univoco una persona fisica, dati relativi alla salute o alla vita sessuale o all\u2019orientamento sessuale della persona. Nello specifico:<\/span><\/p>\n<p><b><i>* \u201cdati genetici\u201d<\/i><\/b><span style=\"font-weight: 400;\">: i dati personali elativi alle caratteristiche genetiche ereditarie o acquisite di una persona che forniscono informazioni univoche sulla fisiologia o sulla salute di detta persona fisica, e che risultano in particolare dall\u2019analisi di un campione biologico della persona fisica in questione;<\/span><\/p>\n<p><b><i>* \u201cdati biometrici\u201d<\/i><\/b><span style=\"font-weight: 400;\">: i dati personali ottenuti da un trattamento tecnico specifico relativi alle caratteristiche fisiche, fisiologiche o comportamentali di una persona fisica che ne consentono o confermano l\u2019identificazione univoca, quali l\u2019immagine facciale o i dati dattiloscopici;<\/span><\/p>\n<p><b><i>* \u201cdati relativi alla salute\u201d<\/i><\/b><span style=\"font-weight: 400;\">: i dati personali attinenti alla salute fisica o mentale di una persona fisica, compresa la prestazione di servizi di assistenza sanitaria, che rivelano informazioni relative al suo stato di salute.<\/span><\/p>\n<p><span style=\"font-weight: 400;\">&#8211; <\/span><b><i>\u201ctitolare del trattamento\u201d<\/i><\/b><span style=\"font-weight: 400;\">: la persona fisica o giuridica, l\u2019autorit\u00e0 pubblica, il servizio o altro organismo che, singolarmente o insieme ad altri, determina le finalit\u00e0 ed i mezzi del trattamento dei dati personali;<\/span><\/p>\n<p><span style=\"font-weight: 400;\">&#8211; <\/span><b><i>\u201cresponsabile del trattamento\u201d<\/i><\/b><span style=\"font-weight: 400;\">: la persona fisica o giuridica, l\u2019autorit\u00e0 pubblica, il servizio o altro organismo che tratta dati personali per conto del Titolare.<\/span><\/p>\n<p><span style=\"color: #339966;\"><b>IL \u201cTITOLARE\u201d DEL TRATTAMENTO<\/b><\/span><\/p>\n<p><span style=\"font-weight: 400;\">Il Titolare del trattamento dei dati personali relativi agli utenti \u00e8 l\u2019Associazione Iris Onlus, che ha sede in\u00a0Casalnoceto (AL), Via Voghera 32.<\/span><\/p>\n<p><span style=\"color: #339966;\"><b>LUOGO DEL TRATTAMENTO<\/b><\/span><\/p>\n<p><span style=\"font-weight: 400;\">I trattamenti connessi ai servizi web e i trattamenti connessi al servizio di posta elettronica di questo sito hanno luogo presso la predetta sede dell&#8217;Associazione Iris Onlus.<\/span><\/p>\n<p><b><span style=\"color: #339966;\">FINALITA<\/span>\u2019<\/b><\/p>\n<p><span style=\"font-weight: 400;\">I dati personali eventualmente forniti dall\u2019utente sono utilizzati per finalit\u00e0 connesse all\u2019esecuzione del servizio o della prestazione richiesta.<\/span><\/p>\n<p><span style=\"font-weight: 400;\">Nessun dato viene comunicato o diffuso se non per eseguire il servizio o la prestazione richiesta.<\/span><\/p>\n<h3><\/h3>\n<p><span style=\"color: #339966;\"><b> MODALITA\u2019 DEL TRATTAMENTO E PERIODO DI CONSERVAZIONE DEI DATI<\/b><\/span><\/p>\n<p><span style=\"font-weight: 400;\">I dati personali sono trattati con strumenti automatizzati per il tempo strettamente necessario a conseguire gli scopi per cui sono stati raccolti. Specifiche misure di sicurezza sono osservate per prevenire la perdita dei dati, usi illeciti o non corretti ed accessi non autorizzati.<\/span><\/p>\n<p><span style=\"color: #339966;\"><b>DATI FORNITI VOLONTARIAMENTE DALL\u2019UTENTE<\/b><\/span><\/p>\n<p><span style=\"font-weight: 400;\">L\u2019invio facoltativo, esplicito e volontario agli indirizzi indicati su questo sito,\u00a0comporta la successiva acquisizione dell\u2019indirizzo del mittente, necessario per\u00a0rispondere alle\u00a0richieste, nonch\u00e9 degli altri eventuali dati inseriti nella missiva.\u00a0Il loro mancato conferimento pu\u00f2 comportare l\u2019impossibilit\u00e0 di ottenere quanto richiesto.\u00a0<\/span><\/p>\n<p><span style=\"font-weight: 400;\">Specifiche informative di sintesi, possono essere predisposte per particolari servizi, vengono riportate nelle pagine del sito.<\/span><\/p>\n<p><span style=\"font-weight: 400;\">Ad esempio, riguardo alle donazioni effettuate on line tramite il form o link nelle pagine corrispondenti si informa l\u2019utente che la donazione comporta la successiva acquisizione da parte dell&#8217;Associazione Iris Onlus dei dati forniti, necessari per finalit\u00e0 amministrativo-contabili. L&#8217;utente \u00e8 libero di fornire i dati personali richiesti, tuttavia il loro mancato conferimento comporta l&#8217;impossibilit\u00e0 di una corretta gestione fiscale da entrambe le parti.<\/span><\/p>\n<p><span style=\"font-weight: 400;\">Nessun dato viene comunicato o diffuso, se non per eseguire il servizio o la prestazione richiesta. Per rispondere alle e-mail inviate dall&#8217;utente, invece, lo si informa che i dati vengono trattati da personale \u00a0incaricato del trattamento dei dati personali.<\/span><\/p>\n<p><span style=\"font-weight: 400;\">L\u2019utente \u00e8 libero di fornire i propri dati personali riportati nei moduli di richiesta o comunque indicati in contatti, ad esempio, per sollecitare l\u2019invio della newsletter, di materiale informativo o promozionale, per sporgere reclami, o di altre comunicazioni. Il loro mancato conferimento pu\u00f2 comportare l\u2019impossibilit\u00e0 di ottenere quanto richiesto.<\/span><\/p>\n<h3><\/h3>\n<p><span style=\"color: #339966;\"><b>COSA SONO I COOKIES?<\/b><\/span><\/p>\n<p><span style=\"font-weight: 400;\">I cookie sono file informatici o dati parziali che possono venire salvati sul vostro computer (o altri dispositivi abilitati alla navigazione su internet, per esempio smartphone o tablet) quando visitate un Sito. Di solito un cookie contiene il nome del sito internet dal quale il cookie stesso proviene, la \u201cdurata vitale\u201d del cookie (ovvero per quanto tempo rimarr\u00e0 sul vostro dispositivo), ed un valore, che di regola \u00e8 un numero unico generato in modo casuale.<\/span><\/p>\n<p><span style=\"color: #339966;\"><span style=\"font-weight: 400;\">\u00a0<\/span><b>PER COSA SI USANO I COOKIES?<\/b><\/span><\/p>\n<p><span style=\"font-weight: 400;\">Si utilizzano i cookie per rendere la navigazione pi\u00f9 semplice e per meglio adattarli ai vostri interessi e bisogni. I cookie possono anche venire usati per aiutare a velocizzare le vostre future esperienze ed attivit\u00e0 sui siti web. Inoltre si usano i cookie per compilare statistiche anonime aggregate che consentono di capire come le persone usano i siti in modo da aiutare a migliorare la struttura ed i contenuti di questi siti.<\/span><\/p>\n<p><span style=\"color: #339966;\"><b>USO DEI COOKIE<\/b><\/span><\/p>\n<p><span style=\"font-weight: 400;\">I cookie vengono utilizzati sul sito Web\u00a0<\/span><span style=\"font-weight: 400;\">www.irisonlus.org<\/span><span style=\"font-weight: 400;\">\u00a0e nelle e-mail inviate per offrire agli utenti un servizio e\u00a0un\u2019esperienza migliori.\u00a0Il sito utilizza cookie analitici, tecnici e di funzionalit\u00e0 per analizzare i modelli di traffico degli utenti che\u00a0visitano il sito Web dell\u2019Associazione Iris Onlus in modo da migliorarne l\u2019fruibilit\u00e0, consentendo di riconoscere gli utenti\u00a0che tornano a visitare il sito e i loro dati, in modo da evitare loro di dover inserire pi\u00f9 volte le stesse\u00a0informazioni.<\/span><\/p>\n<p><span style=\"font-weight: 400;\">Ad esempio, i cookie tecnici permettono agli utenti di usufruire dei servizi richiesti tramite il sito senza\u00a0dover continuamente effettuare il login e per ricordare eventuali azioni eseguite dall\u2019utente (per esempio, il\u00a0completamento di un modulo) quando si torna alla pagina precedete di una sessione.<\/span><\/p>\n<p><span style=\"font-weight: 400;\">I cookie analitici servono all\u2019Associazione Iris Onus di per monitorare l\u2019uso del sito da parte degli utenti per finalit\u00e0 di\u00a0ottimizzazione del sito e per ottenere informazioni sull\u2019uso del sito Web, delle e-mail e per avvisare di\u00a0eventuali errori. Questi cookie permettono anche di ottenere informazioni tecniche dettagliate, quali\u00a0l\u2019ultima pagina visitata, il numero di pagine visitate, se un\u2019e-mail \u00e8 stata aperta, quali parti del sito Web o\u00a0delle e-mail vengono cliccate dagli utenti e il tempo trascorso fra un clic e l\u2019altro.\u00a0Queste informazioni potrebbero essere associate a dettagli dell\u2019utente quali indirizzo IP, dominio o\u00a0browser; tuttavia, vengono analizzate insieme a informazioni di altre persone in modo da non identificare\u00a0un determinato utente rispetto all\u2019altro. In tal caso questi cookie sono utilizzati per analizzare e migliorare\u00a0le prestazioni e il design del sito delle e-mail e per calcolare gli errori che si verificano sul sito per migliorare\u00a0il servizio e gestire eventuali reclami.<\/span><\/p>\n<p><span style=\"color: #339966;\"><b>DIRITTI DEGLI INTERESSATI<\/b><\/span><\/p>\n<p><span style=\"font-weight: 400;\">L\u2019interessato pu\u00f2 far valere i diritti di cui agli artt. 15-21 del Regolamento UE, ovvero: il diritto di accesso ai dati, di rettifica ed il diritto alla cancellazione (\u201cdiritto all\u2019oblio\u201d) dei stessi, il diritto di limitarne il trattamento, il diritto alla portabilit\u00e0, il diritto di opposizione al trattamento.<\/span><\/p>\n<p><span style=\"font-weight: 400;\">Le richieste dovranno pervenire via mail all\u2019indirizzo: <\/span><span style=\"color: #339966;\"><strong>associazione@irisonlus.org<\/strong><\/span><\/p>\n<p><span style=\"font-weight: 400;\">L\u2019interessato potr\u00e0, altres\u00ec, contattare il Responsabile della Protezione dei dati ai seguenti indirizzi: mail: <\/span><span style=\"color: #339966;\"><strong>associazione@irisonlus.org<\/strong><\/span><span style=\"font-weight: 400;\"> o\u00a0<\/span><strong><span style=\"color: #339966;\">associazione.iris.onlus@pec.it<\/span><\/strong><span style=\"font-weight: 400;\">\u00a0<\/span><\/p>\n<p><span style=\"color: #339966;\"><b>RECLAMO GARANTE PRIVACY<\/b><\/span><\/p>\n<p><span style=\"font-weight: 400;\">L\u2019Interessato ha la possibilit\u00e0 di proporre reclamo dinanzi l\u2019Autorit\u00e0 Garante Privacy, contattabile al sito web http:\/\/www.garanteprivacy.it\/.<\/span><\/p>\n","protected":false},"excerpt":{"rendered":"<p>INFORMATIVA SUL TRATTAMENTO DEI DATI PREMESSE La presente informativa \u00e8 redatta ai sensi dell\u2019art. 13 del Regolamento UE 679\/2016 (di seguito, per brevit\u00e0 \u201cRegolamento UE\u201d) in materia di protezione delle persone fisiche relativamente al trattamento dei dati personali. PRIVACY POLICY In questa pagina si descrivono le modalit\u00e0 di gestione del sito www.irisonlus.org in riferimento al [&hellip;]<\/p>\n","protected":false},"author":1,"featured_media":0,"parent":0,"menu_order":0,"comment_status":"closed","ping_status":"closed","template":"","meta":{"footnotes":""},"class_list":["post-334","page","type-page","status-publish","hentry"],"_links":{"self":[{"href":"http:\/\/www.irisonlus.org\/index.php?rest_route=\/wp\/v2\/pages\/334","targetHints":{"allow":["GET"]}}],"collection":[{"href":"http:\/\/www.irisonlus.org\/index.php?rest_route=\/wp\/v2\/pages"}],"about":[{"href":"http:\/\/www.irisonlus.org\/index.php?rest_route=\/wp\/v2\/types\/page"}],"author":[{"embeddable":true,"href":"http:\/\/www.irisonlus.org\/index.php?rest_route=\/wp\/v2\/users\/1"}],"replies":[{"embeddable":true,"href":"http:\/\/www.irisonlus.org\/index.php?rest_route=%2Fwp%2Fv2%2Fcomments&post=334"}],"version-history":[{"count":4,"href":"http:\/\/www.irisonlus.org\/index.php?rest_route=\/wp\/v2\/pages\/334\/revisions"}],"predecessor-version":[{"id":584,"href":"http:\/\/www.irisonlus.org\/index.php?rest_route=\/wp\/v2\/pages\/334\/revisions\/584"}],"wp:attachment":[{"href":"http:\/\/www.irisonlus.org\/index.php?rest_route=%2Fwp%2Fv2%2Fmedia&parent=334"}],"curies":[{"name":"wp","href":"https:\/\/api.w.org\/{rel}","templated":true}]}}