{"id":2,"date":"2012-02-01T14:13:51","date_gmt":"2012-02-01T14:13:51","guid":{"rendered":"http:\/\/irisonlus.org\/?page_id=2"},"modified":"2025-07-27T15:03:56","modified_gmt":"2025-07-27T14:03:56","slug":"pagina-di-esempio","status":"publish","type":"page","link":"https:\/\/www.irisonlus.org\/","title":{"rendered":"HOME"},"content":{"rendered":"<div class=\"gca-column one-third first\"><h4><a href=\"http:\/\/www.irisonlus.org\/?page_id=16\"><span style=\"color: #008000;\"><strong>L&#8217;Associazione<\/strong><\/span><\/a><\/h4>\n<p><a href=\"http:\/\/www.irisonlus.org\/wp-content\/uploads\/2016\/10\/LogoIrisOnlus.gif\"><img loading=\"lazy\" decoding=\"async\" class=\"wp-image-55 alignleft\" src=\"http:\/\/www.irisonlus.org\/wp-content\/uploads\/2016\/10\/LogoIrisOnlus-300x254.gif\" alt=\"logoirisonlus\" width=\"111\" height=\"94\" \/><\/a><\/p>\n<p>In seguito alla riforma del Terzo Settore e all\u2019entrata in funzione del RUNTS (Registro Unico Nazionale Terzo Settore) si \u00e8 provveduto alla trasformazione dell\u2019Associazione Iris Onlus in Associazione \u201cIris ODV\u201d al fine di poter continuare la nostra opera.<\/p>\n<p>Il nuovo Statuto mette in evidenza disponibilit\u00e0 verso il prossimo con un occhio di riguardo verso i bambini affetti da malattie rare anche di origine genetiche.<\/p>\n<p>Abbiamo bisogno anche del tuo aiuto, effettua una donazione cliccando sul link <span style=\"color: #008000;\"><strong>\u201c<a style=\"color: #008000;\" href=\"https:\/\/www.ilmiodono.it\/content\/ilmiodono\/it\/organizzazioni\/piemonte\/associazione_irisonlus_44.html\" target=\"_blank\" rel=\"noopener noreferrer\">il Mio Dono<\/a>\u201d<\/strong><\/span> o attraverso <span style=\"color: #008000;\"><a style=\"color: #008000;\" href=\"https:\/\/www.paypal.com\/donate\/?hosted_button_id=BDUZXXZKARBSL\"><strong>PayPal<\/strong><\/a> <\/span>oppure partecipa ai nostri eventi.<\/p>\n<p>Grazie per la tua attenzione e buon viaggio sul sito .<\/p>\n<p>Massimiliano Lucchetti<\/p><\/div>\n<div class=\"gca-column one-third\"><h4><a href=\"http:\/\/www.irisonlus.org\/?page_id=31\"><span style=\"color: #008000;\"><strong>Le\u00a0Iniziative<\/strong><\/span><\/a><\/h4>\n<p>La capacit\u00e0 di intervento \u00e8 legata alle disponibilit\u00e0 finanziarie e al numero dei volontari, quindi ogni donazione piccola o grande che sia e ogni volontario sono importanti.<\/p>\n<p>Per approfondire le nostre iniziative vai alla pagina<span style=\"color: #008000;\"><strong> <a style=\"color: #008000;\" href=\"http:\/\/www.irisonlus.org\/?page_id=31\">INIZIATIVE<\/a><\/strong> <\/span>.<\/p>\n<p>Per supportare le nostre attivit\u00e0 potete fare una donazione attraverso il sito <span style=\"color: #ff0000;\"><span style=\"color: #008000;\"><strong><a style=\"color: #008000;\" href=\"https:\/\/www.ilmiodono.it\/content\/ilmiodono\/it\/organizzazioni\/piemonte\/associazione_irisonlus_44.html\">&#8220;il Mio Dono&#8221; <\/a><\/strong><\/span><span style=\"color: #000000;\">oppure attraverso <\/span><span style=\"color: #008000;\"><strong><a style=\"color: #008000;\" href=\"https:\/\/www.paypal.com\/donate\/?hosted_button_id=BDUZXXZKARBSL\">PayPal<\/a><\/strong><\/span><\/span><\/p>\n<p><a href=\"https:\/\/www.ilmiodono.it\/content\/ilmiodono\/it\/organizzazioni\/piemonte\/associazione_irisonlus_44.html\" target=\"_blank\" rel=\"noopener noreferrer\"><img loading=\"lazy\" decoding=\"async\" class=\"alignleft wp-image-22\" src=\"http:\/\/www.irisonlus.org\/wp-content\/uploads\/2012\/02\/logo.payoff-300x51.gif\" alt=\"logo-payoff\" width=\"230\" height=\"39\" \/><\/a><\/p>\n<p><a href=\"https:\/\/italianonprofit.it\/scheda-ente\/associazione-iris-onlus\/\" target=\"_blank\" rel=\"noopener noreferrer\"><img loading=\"lazy\" decoding=\"async\" class=\"alignleft size-full wp-image-616\" src=\"http:\/\/www.irisonlus.org\/wp-content\/uploads\/2019\/04\/Firma-coccarda-Italia-non-profit-1.png\" alt=\"\" width=\"201\" height=\"90\" \/><\/a><\/p>\n<p><a href=\"https:\/\/www.uniamo.org\/\" target=\"_blank\" rel=\"noopener noreferrer\"><img loading=\"lazy\" decoding=\"async\" class=\" wp-image-855 alignnone\" src=\"http:\/\/www.irisonlus.org\/wp-content\/uploads\/2020\/10\/Uniamo-Logo-orizzontale-2-e1603270382922-300x81.png\" alt=\"\" width=\"252\" height=\"68\" srcset=\"https:\/\/www.irisonlus.org\/wp-content\/uploads\/2020\/10\/Uniamo-Logo-orizzontale-2-e1603270382922-300x81.png 300w, https:\/\/www.irisonlus.org\/wp-content\/uploads\/2020\/10\/Uniamo-Logo-orizzontale-2-e1603270382922-1024x278.png 1024w, https:\/\/www.irisonlus.org\/wp-content\/uploads\/2020\/10\/Uniamo-Logo-orizzontale-2-e1603270382922-768x208.png 768w, https:\/\/www.irisonlus.org\/wp-content\/uploads\/2020\/10\/Uniamo-Logo-orizzontale-2-e1603270382922-1536x416.png 1536w, https:\/\/www.irisonlus.org\/wp-content\/uploads\/2020\/10\/Uniamo-Logo-orizzontale-2-e1603270382922-2048x555.png 2048w\" sizes=\"auto, (max-width: 252px) 100vw, 252px\" \/><\/a><\/p>\n<p><a href=\"https:\/\/www.fmfandaid.org\/\" target=\"_blank\" rel=\"noopener noreferrer\"><img loading=\"lazy\" decoding=\"async\" class=\"wp-image-891 alignnone\" src=\"http:\/\/www.irisonlus.org\/wp-content\/uploads\/2021\/05\/FMF-AID-Logo-Full-Transparent_small.png\" alt=\"\" width=\"121\" height=\"121\" srcset=\"https:\/\/www.irisonlus.org\/wp-content\/uploads\/2021\/05\/FMF-AID-Logo-Full-Transparent_small.png 283w, https:\/\/www.irisonlus.org\/wp-content\/uploads\/2021\/05\/FMF-AID-Logo-Full-Transparent_small-150x150.png 150w\" sizes=\"auto, (max-width: 121px) 100vw, 121px\" \/><\/a><\/p>\n<p>E&#8217; possibile donare anche direttamente in banca scaricando il modulo che trovate nella pagina <span style=\"color: #ff0000;\"><a style=\"color: #ff0000;\" href=\"http:\/\/www.irisonlus.org\/?page_id=440\"><strong><span style=\"color: #008000;\">COME DONARE<\/span><\/strong><\/a><\/span> .<\/p><\/div>\n<div class=\"gca-column one-third\"><h4><a href=\"http:\/\/www.irisonlus.org\/?page_id=34\"><span style=\"color: #008000;\"><strong>Gli Eventi<\/strong><\/span><\/a><\/h4>\n<p>In questi anni abbiamo cercato aiuti e donazioni organizzando eventi di carattere sociale che hanno permesso alle persone di socializzare e contemporaneamente apprendere i gravi problemi che le malattie rare possono arrecare. \u00a0E\u2019 nostra intenzione proseguire su questa linea.<\/p>\n<p>Per rimanere informati sui prossimi eventi visitate la <span style=\"color: #008000;\"><strong><a style=\"color: #008000;\" href=\"http:\/\/www.irisonlus.org\/?page_id=34\">pagina dedicata<\/a><\/strong>\u00a0<span style=\"color: #000000;\">attraverso la quale potete registrarvi per i prossimi eventi e\/o <\/span><\/span><span style=\"color: #000000;\">iscrivetevi a<\/span>l sito (tramite la <span style=\"color: #008000;\"><strong><a style=\"color: #008000;\" href=\"http:\/\/www.irisonlus.org\/?page_id=163\">pagina di login<\/a><\/strong>)<\/span>\u00a0per ricevere la newsletter .<\/p>\n<p><a href=\"http:\/\/www.fondazioneprosolidar.org\"><img loading=\"lazy\" decoding=\"async\" class=\"aligncenter  wp-image-1000\" src=\"http:\/\/www.irisonlus.org\/wp-content\/uploads\/2021\/08\/Negativo-2.jpg\" alt=\"\" width=\"709\" height=\"215\" srcset=\"https:\/\/www.irisonlus.org\/wp-content\/uploads\/2021\/08\/Negativo-2.jpg 963w, https:\/\/www.irisonlus.org\/wp-content\/uploads\/2021\/08\/Negativo-2-300x91.jpg 300w, https:\/\/www.irisonlus.org\/wp-content\/uploads\/2021\/08\/Negativo-2-768x233.jpg 768w\" sizes=\"auto, (max-width: 709px) 100vw, 709px\" \/><\/a><\/p><\/div>\n<p>\u00a0<\/p>\n\n\n<h2 class=\"wp-block-heading\"><strong><a href=\"https:\/\/www.paypal.com\/donate\/?hosted_button_id=BDUZXXZKARBSL\">PayPal<\/a><\/strong><\/h2>\n\n\n\n<form action=\"https:\/\/www.paypal.com\/donate\" method=\"post\" target=\"_top\">\n<input type=\"hidden\" name=\"hosted_button_id\" value=\"BDUZXXZKARBSL\">\n<input type=\"image\" src=\"https:\/\/www.paypalobjects.com\/it_IT\/IT\/i\/btn\/btn_donate_LG.gif\" border=\"0\" name=\"submit\" title=\"PayPal - The safer, easier way to pay online!\" alt=\"Fai una donazione con il pulsante PayPal\">\n<img loading=\"lazy\" decoding=\"async\" alt=\"\" border=\"0\" src=\"https:\/\/www.paypal.com\/it_IT\/i\/scr\/pixel.gif\" width=\"1\" height=\"1\">\n<\/form>\n","protected":false},"excerpt":{"rendered":"<p>\u00a0 PayPal<\/p>\n","protected":false},"author":1,"featured_media":0,"parent":0,"menu_order":0,"comment_status":"open","ping_status":"open","template":"","meta":{"footnotes":""},"class_list":["post-2","page","type-page","status-publish","hentry"],"_links":{"self":[{"href":"https:\/\/www.irisonlus.org\/index.php?rest_route=\/wp\/v2\/pages\/2","targetHints":{"allow":["GET"]}}],"collection":[{"href":"https:\/\/www.irisonlus.org\/index.php?rest_route=\/wp\/v2\/pages"}],"about":[{"href":"https:\/\/www.irisonlus.org\/index.php?rest_route=\/wp\/v2\/types\/page"}],"author":[{"embeddable":true,"href":"https:\/\/www.irisonlus.org\/index.php?rest_route=\/wp\/v2\/users\/1"}],"replies":[{"embeddable":true,"href":"https:\/\/www.irisonlus.org\/index.php?rest_route=%2Fwp%2Fv2%2Fcomments&post=2"}],"version-history":[{"count":73,"href":"https:\/\/www.irisonlus.org\/index.php?rest_route=\/wp\/v2\/pages\/2\/revisions"}],"predecessor-version":[{"id":1279,"href":"https:\/\/www.irisonlus.org\/index.php?rest_route=\/wp\/v2\/pages\/2\/revisions\/1279"}],"wp:attachment":[{"href":"https:\/\/www.irisonlus.org\/index.php?rest_route=%2Fwp%2Fv2%2Fmedia&parent=2"}],"curies":[{"name":"wp","href":"https:\/\/api.w.org\/{rel}","templated":true}]}}